{"id":5190,"date":"2023-07-05T15:41:23","date_gmt":"2023-07-05T06:41:23","guid":{"rendered":"http:\/\/arakawa-kokusai.com\/?page_id=5190"},"modified":"2023-07-05T15:41:23","modified_gmt":"2023-07-05T06:41:23","slug":"bus_hiking","status":"publish","type":"page","link":"https:\/\/arakawa-kokusai.com\/vi\/bus_hiking\/","title":{"rendered":"GIAO L\u01afU QU\u1ed0C T\u1ebe B\u1eb0NG XE BU\u00ddT BUS HIKE"},"content":{"rendered":"\n\r\n\r\n\r\n<p>T\u1ed5 ch\u1ee9c c\u00e1c chuy\u1ebfn du l\u1ecbch \u0111i trong ng\u00e0y d\u00e0nh cho ng\u01b0\u1eddi Nh\u1eadt, ng\u01b0\u1eddi n\u01b0\u1edbc ngo\u00e0i \u0111ang s\u1ed1ng, h\u1ecdc t\u1eadp v\u00e0 l\u00e0m vi\u1ec7c \u1edf trong qu\u1eadn, \u0111i th\u0103m c\u00e1c th\u00e0nh ph\u1ed1 c\u00f3 quan h\u1ec7 giao l\u01b0u v\u1edbi Qu\u1eadn Arakawa, t\u0103ng c\u01b0\u1eddng giao l\u01b0u qu\u1ed1c t\u1ebf.<\/p>\r\n\r\n\r\n\r\n\r\n","protected":false},"excerpt":{"rendered":"<p>T\u1ed5 ch\u1ee9c c\u00e1c chuy\u1ebfn du l\u1ecbch \u0111i trong ng\u00e0y d\u00e0nh cho ng\u01b0\u1eddi Nh\u1eadt, ng\u01b0\u1eddi n\u01b0\u1edbc ngo\u00e0i \u0111ang s\u1ed1ng, h\u1ecdc t\u1eadp v\u00e0 l\u00e0m vi\u1ec7c  [&hellip;]<\/p>\n","protected":false},"author":2,"featured_media":0,"parent":0,"menu_order":11,"comment_status":"closed","ping_status":"closed","template":"","meta":{"_locale":"vi","_original_post":"http:\/\/arakawa-kokusai.com\/?page_id=2363","footnotes":""},"categories":[54],"class_list":["post-5190","page","type-page","status-publish","hentry","category-events","vi","post"],"_links":{"self":[{"href":"https:\/\/arakawa-kokusai.com\/wp-json\/wp\/v2\/pages\/5190","targetHints":{"allow":["GET"]}}],"collection":[{"href":"https:\/\/arakawa-kokusai.com\/wp-json\/wp\/v2\/pages"}],"about":[{"href":"https:\/\/arakawa-kokusai.com\/wp-json\/wp\/v2\/types\/page"}],"author":[{"embeddable":true,"href":"https:\/\/arakawa-kokusai.com\/wp-json\/wp\/v2\/users\/2"}],"replies":[{"embeddable":true,"href":"https:\/\/arakawa-kokusai.com\/wp-json\/wp\/v2\/comments?post=5190"}],"version-history":[{"count":1,"href":"https:\/\/arakawa-kokusai.com\/wp-json\/wp\/v2\/pages\/5190\/revisions"}],"predecessor-version":[{"id":5192,"href":"https:\/\/arakawa-kokusai.com\/wp-json\/wp\/v2\/pages\/5190\/revisions\/5192"}],"wp:attachment":[{"href":"https:\/\/arakawa-kokusai.com\/wp-json\/wp\/v2\/media?parent=5190"}],"wp:term":[{"taxonomy":"category","embeddable":true,"href":"https:\/\/arakawa-kokusai.com\/wp-json\/wp\/v2\/categories?post=5190"}],"curies":[{"name":"wp","href":"https:\/\/api.w.org\/{rel}","templated":true}]}}