{"id":5132,"date":"2023-07-05T16:01:07","date_gmt":"2023-07-05T07:01:07","guid":{"rendered":"http:\/\/arakawa-kokusai.com\/?page_id=5132"},"modified":"2023-07-05T16:01:07","modified_gmt":"2023-07-05T07:01:07","slug":"links","status":"publish","type":"page","link":"https:\/\/arakawa-kokusai.com\/vi\/links\/","title":{"rendered":"T\u1eacP H\u1ee2P LINK"},"content":{"rendered":"<p><strong><img loading=\"lazy\" decoding=\"async\" class=\"aligncenter wp-image-2581 size-large\" src=\"http:\/\/arakawa-kokusai.com\/2018\/wp-content\/uploads\/27422aa1ff70b2fecaaf92e31a260a34-1024x219.png\" alt=\"\" width=\"720\" height=\"154\" srcset=\"https:\/\/arakawa-kokusai.com\/2018\/wp-content\/uploads\/27422aa1ff70b2fecaaf92e31a260a34-1024x219.png 1024w, https:\/\/arakawa-kokusai.com\/2018\/wp-content\/uploads\/27422aa1ff70b2fecaaf92e31a260a34-300x64.png 300w, https:\/\/arakawa-kokusai.com\/2018\/wp-content\/uploads\/27422aa1ff70b2fecaaf92e31a260a34-768x164.png 768w, https:\/\/arakawa-kokusai.com\/2018\/wp-content\/uploads\/27422aa1ff70b2fecaaf92e31a260a34-1080x232.png 1080w, https:\/\/arakawa-kokusai.com\/2018\/wp-content\/uploads\/27422aa1ff70b2fecaaf92e31a260a34.png 1086w\" sizes=\"auto, (max-width: 720px) 100vw, 720px\" \/><\/strong><\/p>\n<h3><strong>\u3010LI\u00caN QUAN \u0110\u1ebeN QU\u1eacN ARAKAWA\u3011<\/strong><\/h3>\n<p><a href=\"https:\/\/www.city.arakawa.tokyo.jp\/\">TRANG CH\u1ee6 UBND QU\u1eacN ARAKAWA<\/a><\/p>\n<p><a href=\"https:\/\/www.city.arakawa.tokyo.jp\/a004\/links\/kanren_site.html\">C\u00c1C SITES LI\u00caN QUAN \u0110\u1ebeN QU\u1eacN ARAKAWA<\/a><!--more--><\/p>\n<h3><strong>\u3010C\u00c1C T\u1ed4 CH\u1ee8C GIAO L\u01afU\u3011<\/strong><\/h3>\n<p><a href=\"https:\/\/sub-austria.ssl-lolipop.jp\/\">HI\u1ec6P H\u1ed8I V\u0102N H\u00d3A NH\u1eacT \u00c1O<\/a><\/p>\n<p><a href=\"https:\/\/tabunka.or.jp\/\">PH\u00c1P NH\u00c2N NPO \u0110\u1eb6C \u0110\u1ecaNH,<br \/>\nTRUNG T\u00c2M \u0110A V\u0102N H\u00d3A C\u1ed8NG SINH TOKYO<\/a><\/p>\n<p><!--more--><\/p>\n<h3><strong>\u3010C\u00c1C HI\u1ec6P H\u1ed8I GIAO L\u01afU QU\u1ed0C T\u1ebe C\u1ee6A TH\u00c1NH PH\u1ed0 TOKYO\u3011<\/strong><\/h3>\n<p><a href=\"https:\/\/www.chuo-ci.jp\/\">HI\u1ec6P H\u1ed8I X\u00daC TI\u1ebeN GIAO L\u01afU QU\u1ed0C T\u1ebe QU\u1eacN CHUO<\/a><\/p>\n<p><a href=\"http:\/\/www.minato-intl-assn.gr.jp\/\">QU\u1ef8 PH\u00c1P NH\u00c2N HI\u1ec6P H\u1ed8I GIAO L\u01afU QU\u1ed0C T\u1ebe QU\u1eacN MINATO<\/a><\/p>\n<p><a href=\"https:\/\/www.regasu-shinjuku.or.jp\/\">QU\u1ef8 H\u1ee2P NH\u1ea4T C\u00d4NG C\u1ed8NG QU\u1ef8 S\u00c1NG T\u1ea0O T\u01af\u01a0NG LAI SHINJUKU<\/a><\/p>\n<p><a href=\"https:\/\/mifa.jp\/mifa1\/index.htm\">QU\u1ef8 PH\u00c1P NH\u00c2N C\u00d4NG \u00cdCH HI\u1ec6P H\u1ed8I GIAO L\u01afU QU\u1ed0C T\u1ebe QU\u1eacN MEGURO<\/a><\/p>\n<p><a href=\"https:\/\/www.ota-goca.or.jp\/\">QU\u1ef8 PH\u00c1P NH\u00c2N HI\u1ec6P H\u1ed8I OTA C\u00c1C TH\u00c0NH PH\u1ed0 QU\u1ed0C T\u1ebe<\/a><\/p>\n<p><a href=\"https:\/\/www.setagaya-bunka.jp\/\">QU\u1ef8 PH\u00c1P NH\u00c2N C\u00d4NG \u00cdCH Q\u0168Y V\u0102N H\u00d3A SETAGAYA<\/a><\/p>\n<p><a href=\"http:\/\/www.anic.jp\/\">HI\u1ec6P H\u1ed8I GIAO L\u01afU QU\u1ed0C T\u1ebe QU\u1eacN NAKANO<\/a><\/p>\n<p><a href=\"https:\/\/suginami-kouryu.org\/\">QU\u1ef8 PH\u00c1P NH\u00c2N HI\u1ec6P H\u1ed8I GIAO L\u01afU QU\u1eacN ITABASHI<\/a><\/p>\n<p><a href=\"https:\/\/www.itabashi-ci.org\/\">QU\u1ef8 PH\u00c1P NH\u00c2N C\u00d4NG \u00cdCH Q\u0168Y V\u0102N H\u00d3A GIAO L\u01afU QU\u1ed0C T\u1ebe QU\u1eacN ITABASHI<\/a><\/p>\n<p><a href=\"http:\/\/hia855.com\/\">T\u1ed4 CH\u1ee8C PH\u00c1P NH\u00c2N PHI L\u1ee2I NHU\u1eacN NPO HI\u1ec6P H\u1ed8I QU\u1ed0C T\u1ebe HACHIOJI<\/a><\/p>\n<p><a href=\"https:\/\/mia.gr.jp\/\">QU\u1ef8 PH\u00c1P NH\u00c2N C\u00d4NG \u00cdCH HI\u1ec6P H\u1ed8I GIAO L\u01afU QU\u1ed0C T\u1ebe TP MUSASHINO<\/a><\/p>\n<p><a href=\"https:\/\/www.mishop.jp\/\">QU\u1ef8 PH\u00c1P NH\u00c2N C\u00d4NG \u00cdCH HI\u1ec6P H\u1ed8I GIAO L\u01afU QU\u1ed0C T\u1ebe MITAKA<\/a><\/p>\n<p><a href=\"https:\/\/cifa.tokyo\/\">HI\u1ec6P H\u1ed8I GIAO L\u01afU QU\u1ed0C T\u1ebe TH\u00c0NH PH\u1ed0 CHOFU<\/a><\/p>\n<p><a href=\"https:\/\/www.machida-kokusai.jp\/\">QU\u1ef8 PH\u00c1P NH\u00c2N QU\u1ef8 V\u0102N H\u00d3A GIAO L\u01afU QU\u1ed0C T\u1ebe TH\u00c0NH PH\u1ed0 MACHIDA<\/a><\/p>\n<p><a href=\"http:\/\/www.kifa-tokyo.jp\/\">HI\u1ec6P H\u1ed8I GIAO L\u01afU QU\u1ed0C T\u1ebe TH\u00c0NH PH\u1ed0 KODAIRA<\/a><\/p>\n<p><a href=\"https:\/\/hifa-info.org\/\">HI\u1ec6P H\u1ed8I GIAO L\u01afU QU\u1ed0C T\u1ebe TH\u00c0NH PH\u1ed0 HINO<\/a><\/p>\n<p><a href=\"https:\/\/www.h-ifa.com\/\">HI\u1ec6P H\u1ed8I QU\u1ed0C T\u1ebe H\u1eeeU NGH\u1eca TH\u00c0NH PH\u1ed0 HIGASHI MURAYAMA<\/a><\/p>\n<p><a href=\"https:\/\/www.1991kia.jp\/\">HI\u1ec6P H\u1ed8I QU\u1ed0C T\u1ebe TH\u00c0NH PH\u1ed0 KOKUBUNJI<\/a><\/p>\n<p><a href=\"http:\/\/www.komae-kifa.com\/index.html\">HI\u1ec6P H\u1ed8I GIAO L\u01afU QU\u1ed0C T\u1ebe TH\u00c0NH PH\u1ed0 KOMAE<\/a><\/p>\n<p><a href=\"https:\/\/www.tic-tama.jp\/\">TRUNG T\u00c2M GIAO L\u01afU QU\u1ed0C T\u1ebe TH\u00c0NH PH\u1ed0 TAMA<\/a><\/p>\n<p><a href=\"https:\/\/www.sifa.or.jp\/\">QU\u1ef8 PH\u00c1P NH\u00c2N C\u00d4NG \u00cdCH HI\u1ec6P H\u1ed8I GIAO L\u01afU H\u1eeeU NGH\u1eca QU\u1eacN SHINAGAWA<\/a><\/p>\n<p><a href=\"https:\/\/www.tokyo-tsunagari.or.jp\/\">QU\u1ef8 PH\u00c1P NH\u00c2N QU\u1ef8 LI\u00caN K\u1ebeT S\u00c1NG T\u1ea0O TSUNAGARI SOUSEI TP TOKYO<\/a><\/p>\n","protected":false},"excerpt":{"rendered":"<p>\u3010LI\u00caN QUAN \u0110\u1ebeN QU\u1eacN ARAKAWA\u3011 TRANG CH\u1ee6 UBND QU\u1eacN ARAKAWA C\u00c1C SITES LI\u00caN QUAN \u0110\u1ebeN QU\u1eacN ARAKAWA<\/p>\n","protected":false},"author":2,"featured_media":0,"parent":0,"menu_order":27,"comment_status":"closed","ping_status":"closed","template":"","meta":{"_locale":"vi","_original_post":"http:\/\/arakawa-kokusai.com\/?page_id=2124","footnotes":""},"categories":[],"class_list":["post-5132","page","type-page","status-publish","hentry","vi","post"],"_links":{"self":[{"href":"https:\/\/arakawa-kokusai.com\/wp-json\/wp\/v2\/pages\/5132","targetHints":{"allow":["GET"]}}],"collection":[{"href":"https:\/\/arakawa-kokusai.com\/wp-json\/wp\/v2\/pages"}],"about":[{"href":"https:\/\/arakawa-kokusai.com\/wp-json\/wp\/v2\/types\/page"}],"author":[{"embeddable":true,"href":"https:\/\/arakawa-kokusai.com\/wp-json\/wp\/v2\/users\/2"}],"replies":[{"embeddable":true,"href":"https:\/\/arakawa-kokusai.com\/wp-json\/wp\/v2\/comments?post=5132"}],"version-history":[{"count":2,"href":"https:\/\/arakawa-kokusai.com\/wp-json\/wp\/v2\/pages\/5132\/revisions"}],"predecessor-version":[{"id":5213,"href":"https:\/\/arakawa-kokusai.com\/wp-json\/wp\/v2\/pages\/5132\/revisions\/5213"}],"wp:attachment":[{"href":"https:\/\/arakawa-kokusai.com\/wp-json\/wp\/v2\/media?parent=5132"}],"wp:term":[{"taxonomy":"category","embeddable":true,"href":"https:\/\/arakawa-kokusai.com\/wp-json\/wp\/v2\/categories?post=5132"}],"curies":[{"name":"wp","href":"https:\/\/api.w.org\/{rel}","templated":true}]}}