{"id":5126,"date":"2023-06-26T15:40:45","date_gmt":"2023-06-26T06:40:45","guid":{"rendered":"http:\/\/arakawa-kokusai.com\/?page_id=5126"},"modified":"2023-06-26T15:40:45","modified_gmt":"2023-06-26T06:40:45","slug":"emergency_drill","status":"publish","type":"page","link":"https:\/\/arakawa-kokusai.com\/vi\/emergency_drill\/","title":{"rendered":"Ph\u00f2ng ch\u1ed1ng thi\u00ean tai cho ng\u01b0\u1eddi n\u01b0\u1edbc ngo\u00e0i"},"content":{"rendered":"\n\r\n\r\n\r\n<p>Ch\u00fang t\u00f4i c\u0169ng \u0111ang li\u00ean k\u1ebft, h\u1ee3p t\u00e1c v\u1edbi c\u00e1c tr\u1ea1m c\u1ee9u h\u1ecfa arakawa, tr\u1ea1m c\u1ee9u h\u1ecfa oku, nh\u1eb1m cho c\u00e1c \u1ee9ng vi\u00ean t\u1ea1i c\u00e1c l\u1edbp ti\u1ebfng nh\u1eadt c\u0169ng nh\u01b0 ng\u01b0\u1eddi n\u01b0\u1edbc ngo\u00e0i \u0111ang h\u1ecdc tr\u01b0\u1eddng ti\u1ebfng nh\u1eadt trong qu\u1eadn arakawa \u0111\u01b0\u1ee3c tr\u1ea3i nghi\u1ec7m, h\u1ecdc t\u1eadp c\u00e1c ki\u1ebfn th\u1ee9c ph\u00f2ng ch\u00e1y ch\u1eefa ch\u00e1y<\/p>\r\n","protected":false},"excerpt":{"rendered":"<p>Ch\u00fang t\u00f4i c\u0169ng \u0111ang li\u00ean k\u1ebft, h\u1ee3p t\u00e1c v\u1edbi c\u00e1c tr\u1ea1m c\u1ee9u h\u1ecfa arakawa, tr\u1ea1m c\u1ee9u h\u1ecfa oku, nh\u1eb1m cho c\u00e1c \u1ee9ng vi\u00ean t\u1ea1 [&hellip;]<\/p>\n","protected":false},"author":2,"featured_media":0,"parent":0,"menu_order":16,"comment_status":"closed","ping_status":"closed","template":"","meta":{"_locale":"vi","_original_post":"http:\/\/arakawa-kokusai.com\/?page_id=2366","footnotes":""},"categories":[56],"class_list":["post-5126","page","type-page","status-publish","hentry","category-learning","vi","post"],"_links":{"self":[{"href":"https:\/\/arakawa-kokusai.com\/wp-json\/wp\/v2\/pages\/5126","targetHints":{"allow":["GET"]}}],"collection":[{"href":"https:\/\/arakawa-kokusai.com\/wp-json\/wp\/v2\/pages"}],"about":[{"href":"https:\/\/arakawa-kokusai.com\/wp-json\/wp\/v2\/types\/page"}],"author":[{"embeddable":true,"href":"https:\/\/arakawa-kokusai.com\/wp-json\/wp\/v2\/users\/2"}],"replies":[{"embeddable":true,"href":"https:\/\/arakawa-kokusai.com\/wp-json\/wp\/v2\/comments?post=5126"}],"version-history":[{"count":1,"href":"https:\/\/arakawa-kokusai.com\/wp-json\/wp\/v2\/pages\/5126\/revisions"}],"predecessor-version":[{"id":5127,"href":"https:\/\/arakawa-kokusai.com\/wp-json\/wp\/v2\/pages\/5126\/revisions\/5127"}],"wp:attachment":[{"href":"https:\/\/arakawa-kokusai.com\/wp-json\/wp\/v2\/media?parent=5126"}],"wp:term":[{"taxonomy":"category","embeddable":true,"href":"https:\/\/arakawa-kokusai.com\/wp-json\/wp\/v2\/categories?post=5126"}],"curies":[{"name":"wp","href":"https:\/\/api.w.org\/{rel}","templated":true}]}}