{"id":5088,"date":"2023-07-05T15:43:49","date_gmt":"2023-07-05T06:43:49","guid":{"rendered":"http:\/\/arakawa-kokusai.com\/?page_id=5088"},"modified":"2023-07-05T15:43:49","modified_gmt":"2023-07-05T06:43:49","slug":"cooking","status":"publish","type":"page","link":"https:\/\/arakawa-kokusai.com\/vi\/cooking\/","title":{"rendered":"L\u1edaP H\u1eccC N\u1ea4U C\u00c1C M\u00d3N \u0102N TH\u1ebe GI\u1edaI"},"content":{"rendered":"\n\r\n\r\n\r\n<p>L\u1edbp h\u1ecdc \u0111\u01b0\u1ee3c t\u1ed5 ch\u1ee9c nh\u1eb1m m\u1ee5c \u0111\u00edch giao l\u01b0u trao \u0111\u1ed5i v\u0103n h\u00f3a gi\u1eefa ng\u01b0\u1eddi n\u01b0\u1edbc ngo\u00e0i v\u00e0 ng\u01b0\u1eddi Nh\u1eadt th\u00f4ng qua c\u00e1c m\u00f3n \u0103n. L\u1edbp h\u1ecdc h\u01b0\u1edbng d\u1eabn l\u00e0m c\u00e1c m\u00f3n \u0103n truy\u1ec1n th\u1ed1ng Nh\u1eadt v\u00e0 n\u01b0\u1edbc ngo\u00e0i.<\/p>\r\n\r\n\r\n","protected":false},"excerpt":{"rendered":"<p>L\u1edbp h\u1ecdc \u0111\u01b0\u1ee3c t\u1ed5 ch\u1ee9c nh\u1eb1m m\u1ee5c \u0111\u00edch giao l\u01b0u trao \u0111\u1ed5i v\u0103n h\u00f3a gi\u1eefa ng\u01b0\u1eddi n\u01b0\u1edbc ngo\u00e0i v\u00e0 ng\u01b0\u1eddi Nh\u1eadt th\u00f4ng qua c\u00e1c [&hellip;]<\/p>\n","protected":false},"author":2,"featured_media":0,"parent":0,"menu_order":17,"comment_status":"closed","ping_status":"closed","template":"","meta":{"_locale":"vi","_original_post":"http:\/\/arakawa-kokusai.com\/?page_id=2398","footnotes":""},"categories":[58],"class_list":["post-5088","page","type-page","status-publish","hentry","category-experience","vi","post"],"_links":{"self":[{"href":"https:\/\/arakawa-kokusai.com\/wp-json\/wp\/v2\/pages\/5088","targetHints":{"allow":["GET"]}}],"collection":[{"href":"https:\/\/arakawa-kokusai.com\/wp-json\/wp\/v2\/pages"}],"about":[{"href":"https:\/\/arakawa-kokusai.com\/wp-json\/wp\/v2\/types\/page"}],"author":[{"embeddable":true,"href":"https:\/\/arakawa-kokusai.com\/wp-json\/wp\/v2\/users\/2"}],"replies":[{"embeddable":true,"href":"https:\/\/arakawa-kokusai.com\/wp-json\/wp\/v2\/comments?post=5088"}],"version-history":[{"count":1,"href":"https:\/\/arakawa-kokusai.com\/wp-json\/wp\/v2\/pages\/5088\/revisions"}],"predecessor-version":[{"id":5197,"href":"https:\/\/arakawa-kokusai.com\/wp-json\/wp\/v2\/pages\/5088\/revisions\/5197"}],"wp:attachment":[{"href":"https:\/\/arakawa-kokusai.com\/wp-json\/wp\/v2\/media?parent=5088"}],"wp:term":[{"taxonomy":"category","embeddable":true,"href":"https:\/\/arakawa-kokusai.com\/wp-json\/wp\/v2\/categories?post=5088"}],"curies":[{"name":"wp","href":"https:\/\/api.w.org\/{rel}","templated":true}]}}