{"id":4985,"date":"2023-06-26T14:40:40","date_gmt":"2023-06-26T05:40:40","guid":{"rendered":"http:\/\/arakawa-kokusai.com\/?page_id=4985"},"modified":"2024-03-11T16:53:06","modified_gmt":"2024-03-11T07:53:06","slug":"japanese_class","status":"publish","type":"page","link":"https:\/\/arakawa-kokusai.com\/vi\/japanese_class\/","title":{"rendered":"L\u1edbp h\u1ecdc gi\u00e0nh cho ng\u01b0\u1eddi n\u01b0\u1edbc ngo\u00e0i"},"content":{"rendered":"<div class=\"n2-section-smartslider fitvidsignore  n2_clear\" data-ssid=\"7\" tabindex=\"0\" role=\"region\" aria-label=\"Slider\"><div id=\"n2-ss-7-align\" class=\"n2-ss-align\"><div class=\"n2-padding\"><div id=\"n2-ss-7\" data-creator=\"Smart Slider 3\" data-responsive=\"auto\" class=\"n2-ss-slider n2-ow n2-has-hover n2notransition  \">\n\n\n\n<div class=\"n2-ss-slider-wrapper-inside\">\n        <div class=\"n2-ss-slider-1 n2_ss__touch_element n2-ow\">\n            <div class=\"n2-ss-slider-2 n2-ow\">\n                                                <div class=\"n2-ss-slider-3 n2-ow\">\n\n                    <div class=\"n2-ss-slide-backgrounds n2-ow-all\"><div class=\"n2-ss-slide-background\" data-public-id=\"1\" data-mode=\"fill\"><div class=\"n2-ss-slide-background-image\" data-blur=\"0\" data-opacity=\"100\" data-x=\"50\" data-y=\"50\" data-alt=\"\" data-title=\"\"><picture class=\"skip-lazy\" data-skip-lazy=\"1\"><img decoding=\"async\" src=\"\/\/arakawa-kokusai.com\/2018\/wp-content\/uploads\/20220908_141852-scaled.jpg\" alt=\"\" title=\"\" loading=\"lazy\" class=\"skip-lazy\" data-skip-lazy=\"1\"><\/picture><\/div><div data-color=\"RGBA(255,255,255,0)\" style=\"background-color: RGBA(255,255,255,0);\" class=\"n2-ss-slide-background-color\"><\/div><\/div><div class=\"n2-ss-slide-background\" data-public-id=\"2\" data-mode=\"fill\" aria-hidden=\"true\"><div class=\"n2-ss-slide-background-image\" data-blur=\"0\" data-opacity=\"100\" data-x=\"50\" data-y=\"50\" data-alt=\"\" data-title=\"\"><picture class=\"skip-lazy\" data-skip-lazy=\"1\"><img decoding=\"async\" src=\"\/\/arakawa-kokusai.com\/2018\/wp-content\/uploads\/20220908_142610-scaled.jpg\" alt=\"\" title=\"\" loading=\"lazy\" class=\"skip-lazy\" data-skip-lazy=\"1\"><\/picture><\/div><div data-color=\"RGBA(255,255,255,0)\" style=\"background-color: RGBA(255,255,255,0);\" class=\"n2-ss-slide-background-color\"><\/div><\/div><div class=\"n2-ss-slide-background\" data-public-id=\"3\" data-mode=\"fill\" aria-hidden=\"true\"><div class=\"n2-ss-slide-background-image\" data-blur=\"0\" data-opacity=\"100\" data-x=\"50\" data-y=\"50\" data-alt=\"\" data-title=\"\"><picture class=\"skip-lazy\" data-skip-lazy=\"1\"><img decoding=\"async\" src=\"\/\/arakawa-kokusai.com\/2018\/wp-content\/uploads\/20220908_191441-scaled.jpg\" alt=\"\" title=\"\" loading=\"lazy\" class=\"skip-lazy\" data-skip-lazy=\"1\"><\/picture><\/div><div data-color=\"RGBA(255,255,255,0)\" style=\"background-color: RGBA(255,255,255,0);\" class=\"n2-ss-slide-background-color\"><\/div><\/div><div class=\"n2-ss-slide-background\" data-public-id=\"4\" data-mode=\"fill\" aria-hidden=\"true\"><div class=\"n2-ss-slide-background-image\" data-blur=\"0\" data-opacity=\"100\" data-x=\"50\" data-y=\"50\" data-alt=\"\" data-title=\"\"><picture class=\"skip-lazy\" data-skip-lazy=\"1\"><img decoding=\"async\" src=\"\/\/arakawa-kokusai.com\/2018\/wp-content\/uploads\/20220908_191408-scaled.jpg\" alt=\"\" title=\"\" loading=\"lazy\" class=\"skip-lazy\" data-skip-lazy=\"1\"><\/picture><\/div><div data-color=\"RGBA(255,255,255,0)\" style=\"background-color: RGBA(255,255,255,0);\" class=\"n2-ss-slide-background-color\"><\/div><\/div><div class=\"n2-ss-slide-background\" data-public-id=\"5\" data-mode=\"fill\" aria-hidden=\"true\"><div class=\"n2-ss-slide-background-image\" data-blur=\"0\" data-opacity=\"100\" data-x=\"50\" data-y=\"50\" data-alt=\"\" data-title=\"\"><picture class=\"skip-lazy\" data-skip-lazy=\"1\"><img decoding=\"async\" src=\"\/\/arakawa-kokusai.com\/2018\/wp-content\/uploads\/74cde221dedbdb9ac56cabed55c238e8.jpg\" alt=\"\" title=\"\" loading=\"lazy\" class=\"skip-lazy\" data-skip-lazy=\"1\"><\/picture><\/div><div data-color=\"RGBA(255,255,255,0)\" style=\"background-color: RGBA(255,255,255,0);\" class=\"n2-ss-slide-background-color\"><\/div><\/div><\/div>                    <div class=\"n2-ss-slider-4 n2-ow\">\n                        <svg xmlns=\"http:\/\/www.w3.org\/2000\/svg\" viewBox=\"0 0 1632 918\" data-related-device=\"desktopPortrait\" class=\"n2-ow n2-ss-preserve-size n2-ss-preserve-size--slider n2-ss-slide-limiter\"><\/svg><div data-first=\"1\" data-slide-duration=\"0\" data-id=\"46\" data-slide-public-id=\"1\" data-title=\"20220908_141852\" class=\"n2-ss-slide n2-ow  n2-ss-slide-46\"><div role=\"note\" class=\"n2-ss-slide--focus\" tabindex=\"-1\">20220908_141852<\/div><div class=\"n2-ss-layers-container n2-ss-slide-limiter n2-ow\"><div class=\"n2-ss-layer n2-ow n-uc-xqs9ZGJ7sYCo\" data-sstype=\"slide\" data-pm=\"default\"><\/div><\/div><\/div><div data-slide-duration=\"0\" data-id=\"48\" data-slide-public-id=\"2\" aria-hidden=\"true\" data-title=\"20220908_142610\" class=\"n2-ss-slide n2-ow  n2-ss-slide-48\"><div role=\"note\" class=\"n2-ss-slide--focus\" tabindex=\"-1\">20220908_142610<\/div><div class=\"n2-ss-layers-container n2-ss-slide-limiter n2-ow\"><div class=\"n2-ss-layer n2-ow n-uc-YtpVAQjZxTgJ\" data-sstype=\"slide\" data-pm=\"default\"><\/div><\/div><\/div><div data-slide-duration=\"0\" data-id=\"49\" data-slide-public-id=\"3\" aria-hidden=\"true\" data-title=\"20220908_191441\" class=\"n2-ss-slide n2-ow  n2-ss-slide-49\"><div role=\"note\" class=\"n2-ss-slide--focus\" tabindex=\"-1\">20220908_191441<\/div><div class=\"n2-ss-layers-container n2-ss-slide-limiter n2-ow\"><div class=\"n2-ss-layer n2-ow n-uc-mzeEkmXliETX\" data-sstype=\"slide\" data-pm=\"default\"><\/div><\/div><\/div><div data-slide-duration=\"0\" data-id=\"50\" data-slide-public-id=\"4\" aria-hidden=\"true\" data-title=\"20220908_191408\" class=\"n2-ss-slide n2-ow  n2-ss-slide-50\"><div role=\"note\" class=\"n2-ss-slide--focus\" tabindex=\"-1\">20220908_191408<\/div><div class=\"n2-ss-layers-container n2-ss-slide-limiter n2-ow\"><div class=\"n2-ss-layer n2-ow n-uc-yjGaJ4WSOefC\" data-sstype=\"slide\" data-pm=\"default\"><\/div><\/div><\/div><div data-slide-duration=\"0\" data-id=\"12\" data-slide-public-id=\"5\" aria-hidden=\"true\" data-title=\"08-1_\u306b\u307b\u3093\u3053\u3099\u3092\u3078\u3099\u3093\u304d\u3087\u3046\u3057\u305f\u3044\uff08\u6559\u5ba4\uff09\" class=\"n2-ss-slide n2-ow  n2-ss-slide-12\"><div role=\"note\" class=\"n2-ss-slide--focus\" tabindex=\"-1\">08-1_\u306b\u307b\u3093\u3053\u3099\u3092\u3078\u3099\u3093\u304d\u3087\u3046\u3057\u305f\u3044\uff08\u6559\u5ba4\uff09<\/div><div class=\"n2-ss-layers-container n2-ss-slide-limiter n2-ow\"><div class=\"n2-ss-layer n2-ow n-uc-cFAfzyLkDuKr\" data-sstype=\"slide\" data-pm=\"default\"><\/div><\/div><\/div>                    <\/div>\n\n                                    <\/div>\n            <\/div>\n        <\/div>\n        <div class=\"n2-ss-slider-controls n2-ss-slider-controls-absolute-center-bottom\"><div style=\"--widget-offset:10px;\" class=\"n2-ss-widget n2-ss-control-bullet n2-ow-all n2-ss-control-bullet-horizontal\"><div class=\" nextend-bullet-bar n2-bar-justify-content-center\" role=\"group\" aria-label=\"Choose slide to display.\"><div class=\"n2-bullet n2-style-785355f374be86c332d4665aae819858-dot \" style=\"visibility:hidden;\"><\/div><\/div><\/div><\/div><\/div><\/div><ss3-loader><\/ss3-loader><\/div><\/div><div class=\"n2_clear\"><\/div><\/div>\r\n\r\n\r\n<p>L\u00e0 n\u01a1i d\u00e0nh cho ng\u01b0\u1eddi n\u01b0\u1edbc ngo\u00e0i h\u1ecdc ti\u1ebfng Nh\u1eadt \u1edf tr\u00ecnh \u0111\u1ed9 s\u01a1 c\u1ea5p, c\u00f9ng v\u1edbi v\u0103n h\u00f3a, phong t\u1ee5c Nh\u1eadt B\u1ea3n d\u01b0\u1edbi s\u1ef1 h\u01b0\u1edbng d\u1eabn c\u1ee7a c\u00e1c gi\u1ea3ng vi\u00ean ti\u1ebfng Nh\u1eadt chuy\u00ean ng\u00e0nh v\u00e0 s\u1ef1 h\u1ed7 tr\u1ee3 c\u1ee7a c\u00e1c t\u00ecnh nguy\u1ec7n vi\u00ean ti\u1ebfng Nh\u1eadt. M\u1ee5c \u0111\u00edch c\u1ee7a c\u00e1c l\u1edbp h\u1ecdc ti\u1ebfng Nh\u1eadt kh\u00f4ng ch\u1ec9 h\u1ed7 tr\u1ee3 ng\u01b0\u1eddi n\u01b0\u1edbc ngo\u00e0i m\u00e0 c\u00f2n gi\u00fap c\u00e1c t\u00ecnh nguy\u1ec7n vi\u00ean v\u00e0 ng\u01b0\u1eddi n\u01b0\u1edbc ngo\u00e0i h\u1ecdc h\u1ecfi t\u00ecm hi\u1ec3u l\u1eabn nhau th\u00f4ng qua ng\u00f4n ng\u1eef v\u00e0 v\u0103n h\u00f3a Nh\u1eadt B\u1ea3n. L\u1edbp h\u1ecdc ti\u1ebfng Nh\u1eadt ti\u1ebfp nh\u1eadn kho\u1ea3ng 100 ng\u01b0\u1eddi n\u01b0\u1edbc ngo\u00e0i m\u1ed7i n\u0103m, trong \u0111\u00f3 ch\u1ee9ng ch\u1ec9 ho\u00e0n th\u00e0nh \u0111\u01b0\u1ee3c c\u1ea5p cho nh\u1eefng ng\u01b0\u1eddi \u0111\u01b0\u1ee3c gi\u00e1o vi\u00ean c\u00f4ng nh\u1eadn l\u00e0 \u0111\u00e3 n\u1eafm v\u1eefng n\u1ed9i dung c\u1ee7a s\u00e1ch gi\u00e1o khoa quy \u0111\u1ecbnh.<\/p>\r\n\r\n\r\n\r\n<h2 class=\"headline-border wp-block-heading\">\u0110\u1ed1i t\u01b0\u1ee3ng<\/h2>\r\n\r\n\r\n\r\n<p>Nh\u1eefng ng\u01b0\u1eddi \u0111ang sinh s\u1ed1ng t\u1ea1i qu\u1eadn ARAKAWA \u0111ang \u0111i l\u00e0m, \u0111ang h\u1ecdc v\u00e0 c\u00f3 tr\u00ecnh \u0111\u1ed9 ti\u1ebfng nh\u1eadt v\u1ee1 l\u00f2ng\u30fbs\u01a1 c\u1ea5p (tr\u00ean 16 tu\u1ed5i)<br \/>\uff0aNgo\u1ea1i tr\u1eeb c\u00e1c h\u1ecdc vi\u00ean \u0111ang h\u1ecdc t\u1ea1i c\u00e1c tr\u01b0\u1eddng ti\u1ebfng nh\u1eadt<\/p>\r\n\r\n\r\n\r\n<h2 class=\"headline-border wp-block-heading\">Chi ph\u00ed<\/h2>\r\n\r\n\r\n\r\n<div class=\"wp-block-group group-bg\">\r\n<div class=\"wp-block-group__inner-container is-layout-flow wp-block-group-is-layout-flow\">\r\n<h3 class=\"wp-block-heading\">\u3010Ti\u1ec1n h\u1ecdc ph\u00ed\u3011<\/h3>\r\n\r\n\r\n\r\n<p>C\u00e1c h\u1ecdc k\u1ef3 2,000 y\u00ean<\/p>\r\n\r\n\r\n\r\n<h3 class=\"wp-block-heading\">\u3010Ph\u00ed t\u00e0i li\u1ec7u\u3011<\/h3>\r\n\r\n\r\n\r\n<p>Kh\u00f3a h\u1ecdc ng\u00e0y: ti\u1ec1n s\u00e1ch 2,800 y\u00ean, t\u00e0i li\u1ec7u luy\u1ec7n t\u1eadp 1,200 y\u00ean<br \/>Kh\u00f3a h\u1ecdc \u0111\u00eam: ti\u1ec1n s\u00e1ch 2,800 y\u00ean, t\u00e0i li\u1ec7u luy\u1ec7n t\u1eadp 900 y\u00ean<\/p>\r\n<\/div>\r\n<\/div>\r\n\r\n\r\n\r\n<h2 class=\"headline-border wp-block-heading\">Th\u1eddi gian<\/h2>\r\n\r\n\r\n\r\n<div class=\"wp-block-group group-bg\">\r\n<div class=\"wp-block-group__inner-container is-layout-flow wp-block-group-is-layout-flow\">\r\n<h3 class=\"wp-block-heading\">Th\u1ee9 3\u30fbth\u1ee9 5 h\u00e0ng tu\u1ea7n<\/h3>\r\n\r\n\r\n\r\n<p>Ng\u00e0y bu\u1ed5i chi\u1ec1u t\u1eeb 2\uff1a00\u301c4\uff1a00<br \/>T\u1ea1i ph\u00f2ng h\u1ecdp s\u1ed1 5 t\u1ea7ng 3 trung t\u00e2m \u751f\u6daf\u5b66\u7fd2\u30bb\u30f3\u30bf\u30fc\u0111\u1ecba ch\u1ec9 \u8352\u5ddd\u533a\u8352\u5ddd3-49-1\uff08<a href=\"https:\/\/www.google.co.jp\/maps\/place\/%E3%80%92116-0002+%E6%9D%B1%E4%BA%AC%E9%83%BD%E8%8D%92%E5%B7%9D%E5%8C%BA%E8%8D%92%E5%B7%9D%EF%BC%93%E4%B8%81%E7%9B%AE%EF%BC%94%EF%BC%99%E2%88%92%EF%BC%91\/@35.7349299,139.7778307,17z\/data=!3m1!4b1!4m5!3m4!1s0x60188e7bae0a4dcb:0x350a35102dc49496!8m2!3d35.7349299!4d139.7800194?hl=ja\" target=\"_blank\" rel=\"noreferrer noopener\">b\u1ea3n \u0111\u1ed3<\/a>\uff09\u3000\u3000\u3000\u3000\u3000\u3000\u3000\u00a0\u00a0\u00a0 \u3000\u00a0\u00a0 \u00a0 \u00a0 \u00a0 \u00a0<\/p>\r\n\r\n\r\n\r\n<p>Bu\u1ed5i t\u1ed1i t\u1eeb 7\uff1a00\u301c9\uff1a00<br \/>T\u1ea1i t\u1ea7ng 2 h\u1ed9i qu\u00e1n \u3072\u3050\u3089\u3057\u3075\u308c\u3042\u3044\u9928 \u0111\u1ecba ch\u1ec9 \u8352\u5ddd\u533a\u6771\u65e5\u66ae\u91cc6-28-15\uff08<a href=\"https:\/\/www.google.co.jp\/maps\/place\/%E3%81%B2%E3%81%90%E3%82%89%E3%81%97%E3%81%B5%E3%82%8C%E3%81%82%E3%81%84%E9%A4%A8\/@35.7331832,139.7738452,17z\/data=!3m1!4b1!4m5!3m4!1s0x60188ff5e8936a03:0x7a6dc6258cda80c1!8m2!3d35.7331964!4d139.7760334?hl=ja\" target=\"_blank\" rel=\"noreferrer noopener\">b\u1ea3n \u0111\u1ed3<\/a>\uff09\u3000\u3000\u3000\u3000\u3000\u3000\u3000\u3000\u3000\u3000\u3000\u3000\u3000\u3000\u3000\u3000\u3000\u3000\u3000\u3000\u3000<\/p>\r\n<\/div>\r\n<\/div>\r\n\r\n\r\n\r\n<h2 class=\"headline-border wp-block-heading\">L\u1ecbch tr\u00ecnh<\/h2>\r\n\r\n\r\n\r\n<p>H\u1ecdc k\u1ef3 1 g\u1ed3m kh\u00f3a h\u1ecdc ng\u00e0y\u30fbbu\u1ed5i t\u1ed1i t\u1eeb th\u00e1ng 4\u301cth\u00e1ng 6 (20 bu\u1ed5i)\u3000<br \/>H\u1ecdc k\u1ef3 2 g\u1ed3m kh\u00f3a h\u1ecdc ng\u00e0y\u30fbbu\u1ed5i t\u1ed1i t\u1eeb th\u00e1ng 9\u301cth\u00e1ng 11 (20 bu\u1ed5i)\u3000\u3000\u3000\u3000\u3000\u3000\u3000\u3000\u3000\u3000\u3000\u3000\u3000\u3000\u3000\u3000\u3000\u3000\u3000<br \/>H\u1ecdc k\u1ef3 3 g\u1ed3m kh\u00f3a h\u1ecdc ng\u00e0y\u30fbbu\u1ed5i t\u1ed1i t\u1eeb th\u00e1ng 1\u301cth\u00e1ng 3 (20 bu\u1ed5i)\u3000\u3000\u3000\u3000\u3000\u3000\u3000\u3000\u3000\u3000\u3000\u3000\u3000\u3000\u3000\u3000\u3000\u3000\u3000\u3000\u3000\u3000\u00a0<\/p>\r\n<p><a href=\"https:\/\/arakawa-kokusai.com\/2018\/wp-content\/uploads\/Class-ScheduleYearly.pdf\">L\u1ecbch h\u1ecdc (trong n\u0103m)<\/a><\/p>\r\n\r\n\r\n\r\n<h2 class=\"headline-border wp-block-heading\">C\u00e1ch th\u1ee9c \u0111\u0103ng k\u00fd<\/h2>\r\n\r\n\r\n\r\n<p>H\u00e3y \u0111\u0103ng k\u00fd t\u1ea1i qu\u1ea7y \u8352\u5ddd\u533a\u56fd\u969b\u4ea4\u6d41\u5354\u4f1a\u4e8b\u52d9\u5c40 t\u1ea7ng 3 Tr\u1ee5 s\u1edf qu\u1eadn<\/p>\r\n\r\n\r\n\r\n<h2 class=\"headline-border wp-block-heading\">\u0110\u0103ng k\u00fd\u30fbLi\u00ean l\u1ea1c h\u1ecfi \u0111\u00e1p<\/h2>\r\n\r\n\r\n\r\n<p>Ban th\u01b0 k\u00fd hi\u1ec7p h\u1ed9i giao l\u01b0u qu\u1ed1c t\u1ebf qu\u1eadn Arakawa<br \/>\u0110\u1ecba ch\u1ec9 \u3012116-8501 \u8352\u5ddd\u533a\u8352\u5ddd\uff12\uff0d\uff12\uff0d\uff13<br \/>b\u1ed9 ph\u1eadn x\u00fac ti\u1ebfn giao l\u01b0u v\u0103n h\u00f3a qu\u1eadn t\u1ea7ng 3 tr\u1ee5 s\u1edf qu\u00e2n Arakawa<br \/>S\u1ed1 \u0111i\u1ec7n tho\u1ea1i :03-3802-3798\u3000 \u3000S\u1ed1 Fax:03-3802-4769<\/p>\r\n\r\n\r\n","protected":false},"excerpt":{"rendered":"<p>L\u00e0 n\u01a1i d\u00e0nh cho ng\u01b0\u1eddi n\u01b0\u1edbc ngo\u00e0i h\u1ecdc ti\u1ebfng Nh\u1eadt \u1edf tr\u00ecnh \u0111\u1ed9 s\u01a1 c\u1ea5p, c\u00f9ng v\u1edbi v\u0103n h\u00f3a, phong t\u1ee5c Nh\u1eadt B\u1ea3n d\u01b0\u1edbi s [&hellip;]<\/p>\n","protected":false},"author":2,"featured_media":0,"parent":0,"menu_order":13,"comment_status":"closed","ping_status":"closed","template":"","meta":{"_locale":"vi","_original_post":"http:\/\/arakawa-kokusai.com\/2018\/?page_id=20","footnotes":""},"categories":[51,56],"class_list":["post-4985","page","type-page","status-publish","hentry","category-japanese","category-learning","vi","post"],"_links":{"self":[{"href":"https:\/\/arakawa-kokusai.com\/wp-json\/wp\/v2\/pages\/4985","targetHints":{"allow":["GET"]}}],"collection":[{"href":"https:\/\/arakawa-kokusai.com\/wp-json\/wp\/v2\/pages"}],"about":[{"href":"https:\/\/arakawa-kokusai.com\/wp-json\/wp\/v2\/types\/page"}],"author":[{"embeddable":true,"href":"https:\/\/arakawa-kokusai.com\/wp-json\/wp\/v2\/users\/2"}],"replies":[{"embeddable":true,"href":"https:\/\/arakawa-kokusai.com\/wp-json\/wp\/v2\/comments?post=4985"}],"version-history":[{"count":3,"href":"https:\/\/arakawa-kokusai.com\/wp-json\/wp\/v2\/pages\/4985\/revisions"}],"predecessor-version":[{"id":15081,"href":"https:\/\/arakawa-kokusai.com\/wp-json\/wp\/v2\/pages\/4985\/revisions\/15081"}],"wp:attachment":[{"href":"https:\/\/arakawa-kokusai.com\/wp-json\/wp\/v2\/media?parent=4985"}],"wp:term":[{"taxonomy":"category","embeddable":true,"href":"https:\/\/arakawa-kokusai.com\/wp-json\/wp\/v2\/categories?post=4985"}],"curies":[{"name":"wp","href":"https:\/\/api.w.org\/{rel}","templated":true}]}}