{"id":16179,"date":"2025-05-31T10:49:42","date_gmt":"2025-05-31T01:49:42","guid":{"rendered":"https:\/\/arakawa-kokusai.com\/?page_id=16179"},"modified":"2025-05-31T10:49:42","modified_gmt":"2025-05-31T01:49:42","slug":"cultural_experience","status":"publish","type":"page","link":"https:\/\/arakawa-kokusai.com\/vi\/cultural_experience\/","title":{"rendered":"Tr\u1ea3i nghi\u1ec7m v\u0103n h\u00f3a truy\u1ec1n th\u1ed1ng d\u00e0nh cho ng\u01b0\u1eddi n\u01b0\u1edbc ngo\u00e0i"},"content":{"rendered":"\n\r\n\r\n\r\n<p>Ng\u01b0\u1eddi n\u01b0\u1edbc ngo\u00e0i \u0111\u01b0\u1ee3c tr\u1ea3i nghi\u1ec7m v\u0103n h\u00f3a tr\u00e0 \u0111\u1ea1o v\u00e0 Ikebana khi tham gia tr\u1ea3i nghi\u1ec7m v\u0103n h\u00f3a truy\u1ec1n th\u1ed1ng Nh\u1eadt b\u1ea3n<br \/><br \/>Khi tham gia tr\u1ea3i nghi\u1ec7m tr\u00e0 \u0111\u1ea1o, ng\u01b0\u1eddi n\u01b0\u1edbc ngo\u00e0i h\u1ecdc h\u1ecfi v\u0103n ho\u00e1 \u0111\u01b0\u1ee3c v\u0103n h\u00f3a truy\u1ec1n th\u1ed1ng c\u1ee7a Nh\u1eadt th\u00f4ng qua vi\u1ec7c u\u1ed1ng tr\u00e0 theo nghi th\u1ee9c \u0111\u01b0\u1ee3c r\u00e8n luy\u1ec7n thu\u1ea7n th\u1ee5c. <br \/>Khi tham gia tr\u1ea3i nghi\u1ec7m Ikebana, ng\u01b0\u1eddi n\u01b0\u1edbc ngo\u00e0i c\u1ea3m nh\u1eadn \u0111\u01b0\u1ee3c v\u1ebb \u0111\u1eb9p 4 m\u00f9a c\u1ee7a Nh\u1eadt, h\u1ecdc h\u1ecfi k\u1ef9 thu\u1eadt c\u1eafm hoa c\u01a1 b\u1ea3n, c\u00f9ng nhau giao l\u01b0u v\u00e0 t\u1ef1 c\u1eafm b\u00e1t hoa c\u1ee7a ri\u00eang m\u00ecnh.<\/p>\r\n","protected":false},"excerpt":{"rendered":"<p>Ng\u01b0\u1eddi n\u01b0\u1edbc ngo\u00e0i \u0111\u01b0\u1ee3c tr\u1ea3i nghi\u1ec7m v\u0103n h\u00f3a tr\u00e0 \u0111\u1ea1o v\u00e0 Ikebana khi tham gia tr\u1ea3i nghi\u1ec7m v\u0103n h\u00f3a truy\u1ec1n th\u1ed1ng Nh\u1ead [&hellip;]<\/p>\n","protected":false},"author":1,"featured_media":0,"parent":0,"menu_order":0,"comment_status":"closed","ping_status":"closed","template":"","meta":{"_locale":"vi","_original_post":"https:\/\/arakawa-kokusai.com\/?page_id=16104","footnotes":""},"categories":[58],"class_list":["post-16179","page","type-page","status-publish","hentry","category-experience","vi","post"],"_links":{"self":[{"href":"https:\/\/arakawa-kokusai.com\/wp-json\/wp\/v2\/pages\/16179","targetHints":{"allow":["GET"]}}],"collection":[{"href":"https:\/\/arakawa-kokusai.com\/wp-json\/wp\/v2\/pages"}],"about":[{"href":"https:\/\/arakawa-kokusai.com\/wp-json\/wp\/v2\/types\/page"}],"author":[{"embeddable":true,"href":"https:\/\/arakawa-kokusai.com\/wp-json\/wp\/v2\/users\/1"}],"replies":[{"embeddable":true,"href":"https:\/\/arakawa-kokusai.com\/wp-json\/wp\/v2\/comments?post=16179"}],"version-history":[{"count":1,"href":"https:\/\/arakawa-kokusai.com\/wp-json\/wp\/v2\/pages\/16179\/revisions"}],"predecessor-version":[{"id":16186,"href":"https:\/\/arakawa-kokusai.com\/wp-json\/wp\/v2\/pages\/16179\/revisions\/16186"}],"wp:attachment":[{"href":"https:\/\/arakawa-kokusai.com\/wp-json\/wp\/v2\/media?parent=16179"}],"wp:term":[{"taxonomy":"category","embeddable":true,"href":"https:\/\/arakawa-kokusai.com\/wp-json\/wp\/v2\/categories?post=16179"}],"curies":[{"name":"wp","href":"https:\/\/api.w.org\/{rel}","templated":true}]}}